{"id":23,"date":"2025-10-03T14:26:30","date_gmt":"2025-10-03T14:26:30","guid":{"rendered":"https:\/\/anais-martineau.mds-angers.yt\/?page_id=23"},"modified":"2025-10-17T13:45:02","modified_gmt":"2025-10-17T13:45:02","slug":"page-2","status":"publish","type":"page","link":"https:\/\/anais-martineau.mds-angers.yt\/index.php\/page-2\/","title":{"rendered":"Acceuil"},"content":{"rendered":"\t\t<div data-elementor-type=\"wp-post\" data-elementor-id=\"23\" class=\"elementor elementor-23\">\n\t\t\t\t<div class=\"elementor-element elementor-element-861912c e-con-full e-flex wpr-particle-no wpr-jarallax-no wpr-parallax-no wpr-sticky-section-no wpr-equal-height-no e-con e-parent\" data-id=\"861912c\" data-element_type=\"container\" data-e-type=\"container\" data-settings=\"{&quot;background_background&quot;:&quot;classic&quot;}\">\n\t\t<div class=\"elementor-element elementor-element-591b027 e-flex e-con-boxed wpr-particle-no wpr-jarallax-no wpr-parallax-no wpr-sticky-section-no wpr-equal-height-no e-con e-child\" data-id=\"591b027\" data-element_type=\"container\" data-e-type=\"container\">\n\t\t\t\t\t<div class=\"e-con-inner\">\n\t\t\t\t<div class=\"elementor-element elementor-element-60c3ddf elementor-invisible elementor-widget elementor-widget-heading\" data-id=\"60c3ddf\" data-element_type=\"widget\" data-e-type=\"widget\" data-settings=\"{&quot;_animation&quot;:&quot;slideInDown&quot;}\" data-widget_type=\"heading.default\">\n\t\t\t\t\t<h2 class=\"elementor-heading-title elementor-size-default\">William Morel<\/h2>\t\t\t\t<\/div>\n\t\t\t\t<div class=\"elementor-element elementor-element-d25f115 elementor-widget-divider--view-line_icon elementor-view-default elementor-widget-divider--element-align-center elementor-widget elementor-widget-divider\" data-id=\"d25f115\" data-element_type=\"widget\" data-e-type=\"widget\" data-widget_type=\"divider.default\">\n\t\t\t\t\t\t\t<div class=\"elementor-divider\">\n\t\t\t<span class=\"elementor-divider-separator\">\n\t\t\t\t\t\t\t<div class=\"elementor-icon elementor-divider__element\">\n\t\t\t\t\t<svg aria-hidden=\"true\" class=\"e-font-icon-svg e-fas-star\" viewBox=\"0 0 576 512\" xmlns=\"http:\/\/www.w3.org\/2000\/svg\"><path d=\"M259.3 17.8L194 150.2 47.9 171.5c-26.2 3.8-36.7 36.1-17.7 54.6l105.7 103-25 145.5c-4.5 26.3 23.2 46 46.4 33.7L288 439.6l130.7 68.7c23.2 12.2 50.9-7.4 46.4-33.7l-25-145.5 105.7-103c19-18.5 8.5-50.8-17.7-54.6L382 150.2 316.7 17.8c-11.7-23.6-45.6-23.9-57.4 0z\"><\/path><\/svg><\/div>\n\t\t\t\t\t\t<\/span>\n\t\t<\/div>\n\t\t\t\t\t\t<\/div>\n\t\t\t\t<div class=\"elementor-element elementor-element-85d7a28 elementor-widget elementor-widget-image\" data-id=\"85d7a28\" data-element_type=\"widget\" data-e-type=\"widget\" data-widget_type=\"image.default\">\n\t\t\t\t\t\t\t\t\t\t\t\t\t\t\t<img fetchpriority=\"high\" decoding=\"async\" width=\"300\" height=\"300\" src=\"https:\/\/anais-martineau.mds-angers.yt\/wp-content\/uploads\/2025\/10\/84709CD5-B5C4-4EDF-A3CB-D4AFA943FB85-300x300.png\" class=\"attachment-medium size-medium wp-image-85\" alt=\"\" srcset=\"https:\/\/anais-martineau.mds-angers.yt\/wp-content\/uploads\/2025\/10\/84709CD5-B5C4-4EDF-A3CB-D4AFA943FB85-300x300.png 300w, https:\/\/anais-martineau.mds-angers.yt\/wp-content\/uploads\/2025\/10\/84709CD5-B5C4-4EDF-A3CB-D4AFA943FB85-150x150.png 150w, https:\/\/anais-martineau.mds-angers.yt\/wp-content\/uploads\/2025\/10\/84709CD5-B5C4-4EDF-A3CB-D4AFA943FB85.png 1024w\" sizes=\"(max-width: 300px) 100vw, 300px\" \/>\t\t\t\t\t\t\t\t\t\t\t\t\t\t\t<\/div>\n\t\t\t\t\t<\/div>\n\t\t\t\t<\/div>\n\t\t\t\t<div class=\"elementor-element elementor-element-782a5e1 animated-slow elementor-invisible elementor-widget elementor-widget-text-editor\" data-id=\"782a5e1\" data-element_type=\"widget\" data-e-type=\"widget\" data-settings=\"{&quot;_animation&quot;:&quot;fadeIn&quot;}\" data-widget_type=\"text-editor.default\">\n\t\t\t\t\t\t\t\t\t<p>Le Chef\u00a0 William Morel vous invite \u00e0 vivre une exp\u00e9rience culinaire rare, o\u00f9 chaque cr\u00e9ation, \u00e9l\u00e9gante et raffin\u00e9e, c\u00e9l\u00e8bre les plus beaux produits. Entre tradition et haute gastronomie, il signe des instants d\u2019exception pens\u00e9s pour \u00e9veiller tous les sens.<\/p><p>Laissez-vous guider par une vision culinaire o\u00f9 chaque d\u00e9tail compte, chaque assiette raconte une histoire, et chaque moment devient inoubliable.\u00a0<\/p>\t\t\t\t\t\t\t\t<\/div>\n\t\t<div class=\"elementor-element elementor-element-d87b655 e-con-full e-flex wpr-particle-no wpr-jarallax-no wpr-parallax-no wpr-sticky-section-no wpr-equal-height-no e-con e-child\" data-id=\"d87b655\" data-element_type=\"container\" data-e-type=\"container\">\n\t\t<div class=\"elementor-element elementor-element-c4378d6 e-grid e-con-boxed wpr-particle-no wpr-jarallax-no wpr-parallax-no wpr-sticky-section-no wpr-equal-height-no e-con e-child\" data-id=\"c4378d6\" data-element_type=\"container\" data-e-type=\"container\">\n\t\t\t\t\t<div class=\"e-con-inner\">\n\t\t\t\t<div class=\"elementor-element elementor-element-e996173 elementor-widget elementor-widget-image\" data-id=\"e996173\" data-element_type=\"widget\" data-e-type=\"widget\" data-widget_type=\"image.default\">\n\t\t\t\t\t\t\t\t\t\t\t\t\t\t\t<img decoding=\"async\" width=\"532\" height=\"500\" src=\"https:\/\/anais-martineau.mds-angers.yt\/wp-content\/uploads\/2025\/10\/Capture-decran-2025-10-10-095935.png\" class=\"elementor-animation-grow attachment-large size-large wp-image-76\" alt=\"\" srcset=\"https:\/\/anais-martineau.mds-angers.yt\/wp-content\/uploads\/2025\/10\/Capture-decran-2025-10-10-095935.png 532w, https:\/\/anais-martineau.mds-angers.yt\/wp-content\/uploads\/2025\/10\/Capture-decran-2025-10-10-095935-300x282.png 300w\" sizes=\"(max-width: 532px) 100vw, 532px\" \/>\t\t\t\t\t\t\t\t\t\t\t\t\t\t\t<\/div>\n\t\t\t\t<div class=\"elementor-element elementor-element-e7836b9 elementor-widget elementor-widget-image\" data-id=\"e7836b9\" data-element_type=\"widget\" data-e-type=\"widget\" data-widget_type=\"image.default\">\n\t\t\t\t\t\t\t\t\t\t\t\t\t\t\t<img decoding=\"async\" width=\"621\" height=\"517\" src=\"https:\/\/anais-martineau.mds-angers.yt\/wp-content\/uploads\/2025\/10\/Capture-decran-2025-10-10-095840.png\" class=\"elementor-animation-grow attachment-large size-large wp-image-75\" alt=\"\" srcset=\"https:\/\/anais-martineau.mds-angers.yt\/wp-content\/uploads\/2025\/10\/Capture-decran-2025-10-10-095840.png 621w, https:\/\/anais-martineau.mds-angers.yt\/wp-content\/uploads\/2025\/10\/Capture-decran-2025-10-10-095840-300x250.png 300w\" sizes=\"(max-width: 621px) 100vw, 621px\" \/>\t\t\t\t\t\t\t\t\t\t\t\t\t\t\t<\/div>\n\t\t\t\t<div class=\"elementor-element elementor-element-0ebd900 elementor-widget elementor-widget-image\" data-id=\"0ebd900\" data-element_type=\"widget\" data-e-type=\"widget\" data-widget_type=\"image.default\">\n\t\t\t\t\t\t\t\t\t\t\t\t\t\t\t<img loading=\"lazy\" decoding=\"async\" width=\"484\" height=\"499\" src=\"https:\/\/anais-martineau.mds-angers.yt\/wp-content\/uploads\/2025\/10\/Capture-decran-2025-10-10-100035.png\" class=\"elementor-animation-grow attachment-large size-large wp-image-77\" alt=\"\" srcset=\"https:\/\/anais-martineau.mds-angers.yt\/wp-content\/uploads\/2025\/10\/Capture-decran-2025-10-10-100035.png 484w, https:\/\/anais-martineau.mds-angers.yt\/wp-content\/uploads\/2025\/10\/Capture-decran-2025-10-10-100035-291x300.png 291w\" sizes=\"(max-width: 484px) 100vw, 484px\" \/>\t\t\t\t\t\t\t\t\t\t\t\t\t\t\t<\/div>\n\t\t\t\t\t<\/div>\n\t\t\t\t<\/div>\n\t\t\t\t<\/div>\n\t\t\t\t<\/div>\n\t\t<div class=\"elementor-element elementor-element-dc28a30 e-grid e-con-boxed wpr-particle-no wpr-jarallax-no wpr-parallax-no wpr-sticky-section-no wpr-equal-height-no e-con e-parent\" data-id=\"dc28a30\" data-element_type=\"container\" data-e-type=\"container\" data-settings=\"{&quot;background_background&quot;:&quot;classic&quot;}\">\n\t\t\t\t\t<div class=\"e-con-inner\">\n\t\t<div class=\"elementor-element elementor-element-4efdb6f e-con-full e-flex wpr-particle-no wpr-jarallax-no wpr-parallax-no wpr-sticky-section-no wpr-equal-height-no e-con e-child\" data-id=\"4efdb6f\" data-element_type=\"container\" data-e-type=\"container\">\n\t\t\t\t<div class=\"elementor-element elementor-element-c3655f9 elementor-widget elementor-widget-heading\" data-id=\"c3655f9\" data-element_type=\"widget\" data-e-type=\"widget\" data-widget_type=\"heading.default\">\n\t\t\t\t\t<h2 class=\"elementor-heading-title elementor-size-default\"><a href=\"https:\/\/anais-martineau.mds-angers.yt\/index.php\/menu\/\">Prestation romantique<\/a><\/h2>\t\t\t\t<\/div>\n\t\t\t\t<div class=\"elementor-element elementor-element-76355ca elementor-widget elementor-widget-text-editor\" data-id=\"76355ca\" data-element_type=\"widget\" data-e-type=\"widget\" data-widget_type=\"text-editor.default\">\n\t\t\t\t\t\t\t\t\t<p>Quelque chose \u00e0 f\u00eater en amoureux, ou seulement envie de se retrouver autour d&rsquo;un repas intimiste rien que pour vous ?<\/p>\t\t\t\t\t\t\t\t<\/div>\n\t\t\t\t<\/div>\n\t\t<div class=\"elementor-element elementor-element-155061f e-con-full e-flex wpr-particle-no wpr-jarallax-no wpr-parallax-no wpr-sticky-section-no wpr-equal-height-no e-con e-child\" data-id=\"155061f\" data-element_type=\"container\" data-e-type=\"container\">\n\t\t\t\t<div class=\"elementor-element elementor-element-741d489 elementor-widget elementor-widget-heading\" data-id=\"741d489\" data-element_type=\"widget\" data-e-type=\"widget\" data-widget_type=\"heading.default\">\n\t\t\t\t\t<h2 class=\"elementor-heading-title elementor-size-default\"><a href=\"https:\/\/anais-martineau.mds-angers.yt\/index.php\/menu\/\">PReSTATION FESTIVE<\/a><\/h2>\t\t\t\t<\/div>\n\t\t\t\t<div class=\"elementor-element elementor-element-54805a2 elementor-widget elementor-widget-text-editor\" data-id=\"54805a2\" data-element_type=\"widget\" data-e-type=\"widget\" data-widget_type=\"text-editor.default\">\n\t\t\t\t\t\t\t\t\t<p>Un anniversaire, un EVJF\/EVJG, un \u00e9v\u00e8nement \u00e0 c\u00e9l\u00e9brer?\u00a0<\/p>\t\t\t\t\t\t\t\t<\/div>\n\t\t\t\t<\/div>\n\t\t<div class=\"elementor-element elementor-element-2fffb5f e-con-full e-flex wpr-particle-no wpr-jarallax-no wpr-parallax-no wpr-sticky-section-no wpr-equal-height-no e-con e-child\" data-id=\"2fffb5f\" data-element_type=\"container\" data-e-type=\"container\">\n\t\t\t\t<div class=\"elementor-element elementor-element-002593a elementor-widget elementor-widget-heading\" data-id=\"002593a\" data-element_type=\"widget\" data-e-type=\"widget\" data-widget_type=\"heading.default\">\n\t\t\t\t\t<h2 class=\"elementor-heading-title elementor-size-default\"><a href=\"https:\/\/anais-martineau.mds-angers.yt\/index.php\/menu\/\">PReSTATION D'ENTREPRISE<\/a><\/h2>\t\t\t\t<\/div>\n\t\t\t\t<div class=\"elementor-element elementor-element-525a9ac elementor-widget elementor-widget-text-editor\" data-id=\"525a9ac\" data-element_type=\"widget\" data-e-type=\"widget\" data-widget_type=\"text-editor.default\">\n\t\t\t\t\t\t\t\t\t<div class=\"text-block-5\"><span dir=\"auto\">Un s\u00e9minaire, un team building, un d\u00e9part en retraite, notre \u00e9quipe s&rsquo;occupe de tout !<\/span><\/div>\t\t\t\t\t\t\t\t<\/div>\n\t\t\t\t<\/div>\n\t\t\t\t\t<\/div>\n\t\t\t\t<\/div>\n\t\t<div class=\"elementor-element elementor-element-b65cfa5 e-flex e-con-boxed wpr-particle-no wpr-jarallax-no wpr-parallax-no wpr-sticky-section-no wpr-equal-height-no e-con e-parent\" data-id=\"b65cfa5\" data-element_type=\"container\" data-e-type=\"container\" data-settings=\"{&quot;background_background&quot;:&quot;classic&quot;}\">\n\t\t\t\t\t<div class=\"e-con-inner\">\n\t\t<div class=\"elementor-element elementor-element-7e7c3a1 e-con-full e-flex wpr-particle-no wpr-jarallax-no wpr-parallax-no wpr-sticky-section-no wpr-equal-height-no e-con e-child\" data-id=\"7e7c3a1\" data-element_type=\"container\" data-e-type=\"container\">\n\t\t\t\t<div class=\"elementor-element elementor-element-0e9764b elementor-widget-divider--view-line elementor-widget elementor-widget-divider\" data-id=\"0e9764b\" data-element_type=\"widget\" data-e-type=\"widget\" data-widget_type=\"divider.default\">\n\t\t\t\t\t\t\t<div class=\"elementor-divider\">\n\t\t\t<span class=\"elementor-divider-separator\">\n\t\t\t\t\t\t<\/span>\n\t\t<\/div>\n\t\t\t\t\t\t<\/div>\n\t\t\t\t<\/div>\n\t\t\t\t\t<\/div>\n\t\t\t\t<\/div>\n\t\t<div class=\"elementor-element elementor-element-10d8544 e-flex e-con-boxed wpr-particle-no wpr-jarallax-no wpr-parallax-no wpr-sticky-section-no wpr-equal-height-no e-con e-parent\" data-id=\"10d8544\" data-element_type=\"container\" data-e-type=\"container\" data-settings=\"{&quot;background_background&quot;:&quot;classic&quot;}\">\n\t\t\t\t\t<div class=\"e-con-inner\">\n\t\t<div class=\"elementor-element elementor-element-c65be8d e-con-full e-flex wpr-particle-no wpr-jarallax-no wpr-parallax-no wpr-sticky-section-no wpr-equal-height-no e-con e-child\" data-id=\"c65be8d\" data-element_type=\"container\" data-e-type=\"container\">\n\t\t\t\t<div class=\"elementor-element elementor-element-09ac083 elementor-widget elementor-widget-image\" data-id=\"09ac083\" data-element_type=\"widget\" data-e-type=\"widget\" data-widget_type=\"image.default\">\n\t\t\t\t\t\t\t\t\t\t\t\t\t\t\t<img loading=\"lazy\" decoding=\"async\" width=\"480\" height=\"526\" src=\"https:\/\/anais-martineau.mds-angers.yt\/wp-content\/uploads\/2025\/10\/Capture-decran-2025-10-15-160618.png\" class=\"attachment-large size-large wp-image-483\" alt=\"\" srcset=\"https:\/\/anais-martineau.mds-angers.yt\/wp-content\/uploads\/2025\/10\/Capture-decran-2025-10-15-160618.png 480w, https:\/\/anais-martineau.mds-angers.yt\/wp-content\/uploads\/2025\/10\/Capture-decran-2025-10-15-160618-274x300.png 274w\" sizes=\"(max-width: 480px) 100vw, 480px\" \/>\t\t\t\t\t\t\t\t\t\t\t\t\t\t\t<\/div>\n\t\t\t\t<\/div>\n\t\t<div class=\"elementor-element elementor-element-2df1150 e-con-full e-flex wpr-particle-no wpr-jarallax-no wpr-parallax-no wpr-sticky-section-no wpr-equal-height-no e-con e-child\" data-id=\"2df1150\" data-element_type=\"container\" data-e-type=\"container\">\n\t\t\t\t<div class=\"elementor-element elementor-element-35f0854 elementor-widget elementor-widget-heading\" data-id=\"35f0854\" data-element_type=\"widget\" data-e-type=\"widget\" data-widget_type=\"heading.default\">\n\t\t\t\t\t<h2 class=\"elementor-heading-title elementor-size-default\">Bon cadeau <\/h2>\t\t\t\t<\/div>\n\t\t\t\t<div class=\"elementor-element elementor-element-a88eb37 elementor-widget elementor-widget-text-editor\" data-id=\"a88eb37\" data-element_type=\"widget\" data-e-type=\"widget\" data-widget_type=\"text-editor.default\">\n\t\t\t\t\t\t\t\t\t<p>Le bon cadeau comprend :<\/p><ul><li>Entr\u00e9e + Plat + Dessert<\/li><li>Les frais de d\u00e9placements\u00a0<\/li><li>La d\u00e9coration de la table : romantique ou classique\u00a0<\/li><\/ul><p><b>Le bon cadeau est valable pour deux personnes.<\/b><\/p><p>Prix : 200\u20ac<\/p>\t\t\t\t\t\t\t\t<\/div>\n\t\t\t\t<\/div>\n\t\t\t\t\t<\/div>\n\t\t\t\t<\/div>\n\t\t<div class=\"elementor-element elementor-element-8a67606 e-flex e-con-boxed wpr-particle-no wpr-jarallax-no wpr-parallax-no wpr-sticky-section-no wpr-equal-height-no e-con e-parent\" data-id=\"8a67606\" data-element_type=\"container\" data-e-type=\"container\" data-settings=\"{&quot;background_background&quot;:&quot;classic&quot;}\">\n\t\t\t\t\t<div class=\"e-con-inner\">\n\t\t<div class=\"elementor-element elementor-element-ab86216 e-con-full e-flex wpr-particle-no wpr-jarallax-no wpr-parallax-no wpr-sticky-section-no wpr-equal-height-no e-con e-child\" data-id=\"ab86216\" data-element_type=\"container\" data-e-type=\"container\">\n\t\t\t\t<div class=\"elementor-element elementor-element-2402e5e elementor-widget-divider--view-line elementor-widget elementor-widget-divider\" data-id=\"2402e5e\" data-element_type=\"widget\" data-e-type=\"widget\" data-widget_type=\"divider.default\">\n\t\t\t\t\t\t\t<div class=\"elementor-divider\">\n\t\t\t<span class=\"elementor-divider-separator\">\n\t\t\t\t\t\t<\/span>\n\t\t<\/div>\n\t\t\t\t\t\t<\/div>\n\t\t\t\t<\/div>\n\t\t\t\t\t<\/div>\n\t\t\t\t<\/div>\n\t\t<div class=\"elementor-element elementor-element-13efee2 e-flex e-con-boxed wpr-particle-no wpr-jarallax-no wpr-parallax-no wpr-sticky-section-no wpr-equal-height-no e-con e-parent\" data-id=\"13efee2\" data-element_type=\"container\" data-e-type=\"container\" data-settings=\"{&quot;background_background&quot;:&quot;classic&quot;}\">\n\t\t\t\t\t<div class=\"e-con-inner\">\n\t\t<div class=\"elementor-element elementor-element-27e5cdd e-con-full e-flex wpr-particle-no wpr-jarallax-no wpr-parallax-no wpr-sticky-section-no wpr-equal-height-no e-con e-child\" data-id=\"27e5cdd\" data-element_type=\"container\" data-e-type=\"container\">\n\t\t\t\t<div class=\"elementor-element elementor-element-012b37c elementor-widget elementor-widget-heading\" data-id=\"012b37c\" data-element_type=\"widget\" data-e-type=\"widget\" data-widget_type=\"heading.default\">\n\t\t\t\t\t<h2 class=\"elementor-heading-title elementor-size-default\"><u>A PROPOS DU CHEF<\/u> :<\/h2>\t\t\t\t<\/div>\n\t\t\t\t<div class=\"elementor-element elementor-element-f8f1694 elementor-widget elementor-widget-heading\" data-id=\"f8f1694\" data-element_type=\"widget\" data-e-type=\"widget\" data-widget_type=\"heading.default\">\n\t\t\t\t\t<h2 class=\"elementor-heading-title elementor-size-default\"><span style=\"text-transform: none\">FUSION, PASSION,<\/span><br><span style=\"text-transform: none\">SON UNIVERS<\/span><\/h2>\t\t\t\t<\/div>\n\t\t\t\t<div class=\"elementor-element elementor-element-b11c318 elementor-widget elementor-widget-text-editor\" data-id=\"b11c318\" data-element_type=\"widget\" data-e-type=\"widget\" data-widget_type=\"text-editor.default\">\n\t\t\t\t\t\t\t\t\t<p>William est un chef \u00e2g\u00e9 de 26 ans, passionn\u00e9 par la cuisine depuis l&rsquo;enfance. Il revisite la cuisine fran\u00e7aise\u00a0<span style=\"word-spacing: normal;\">avec modernit\u00e9 et<\/span><span style=\"word-spacing: normal;\">\u00a0avec des saveurs carib\u00e9ennes. Apr\u00e8s s&rsquo;\u00eatre form\u00e9 en Italie, ou encore au Rwanda il d\u00e9cide de se lancer en tant que chef priv\u00e9 en France pour vous faire voyager (culinairement) \u00e0 votre tour.<\/span><\/p>\t\t\t\t\t\t\t\t<\/div>\n\t\t\t\t<\/div>\n\t\t<div class=\"elementor-element elementor-element-2f93ae0 e-con-full e-flex wpr-particle-no wpr-jarallax-no wpr-parallax-no wpr-sticky-section-no wpr-equal-height-no e-con e-child\" data-id=\"2f93ae0\" data-element_type=\"container\" data-e-type=\"container\">\n\t\t\t\t<div class=\"elementor-element elementor-element-f916440 elementor-widget elementor-widget-image\" data-id=\"f916440\" data-element_type=\"widget\" data-e-type=\"widget\" data-widget_type=\"image.default\">\n\t\t\t\t\t\t\t\t\t\t\t\t\t\t\t<img loading=\"lazy\" decoding=\"async\" width=\"628\" height=\"521\" src=\"https:\/\/anais-martineau.mds-angers.yt\/wp-content\/uploads\/2025\/10\/Capture-decran-2025-10-15-162702.png\" class=\"attachment-large size-large wp-image-500\" alt=\"\" srcset=\"https:\/\/anais-martineau.mds-angers.yt\/wp-content\/uploads\/2025\/10\/Capture-decran-2025-10-15-162702.png 628w, https:\/\/anais-martineau.mds-angers.yt\/wp-content\/uploads\/2025\/10\/Capture-decran-2025-10-15-162702-300x249.png 300w\" sizes=\"(max-width: 628px) 100vw, 628px\" \/>\t\t\t\t\t\t\t\t\t\t\t\t\t\t\t<\/div>\n\t\t\t\t<\/div>\n\t\t\t\t\t<\/div>\n\t\t\t\t<\/div>\n\t\t<div class=\"elementor-element elementor-element-a48afaa e-flex e-con-boxed wpr-particle-no wpr-jarallax-no wpr-parallax-no wpr-sticky-section-no wpr-equal-height-no e-con e-parent\" data-id=\"a48afaa\" data-element_type=\"container\" data-e-type=\"container\" data-settings=\"{&quot;background_background&quot;:&quot;classic&quot;}\">\n\t\t\t\t\t<div class=\"e-con-inner\">\n\t\t<div class=\"elementor-element elementor-element-51f82bb e-con-full e-flex wpr-particle-no wpr-jarallax-no wpr-parallax-no wpr-sticky-section-no wpr-equal-height-no e-con e-child\" data-id=\"51f82bb\" data-element_type=\"container\" data-e-type=\"container\">\n\t\t\t\t<\/div>\n\t\t\t\t\t<\/div>\n\t\t\t\t<\/div>\n\t\t\t\t<\/div>\n\t\t","protected":false},"excerpt":{"rendered":"<p>William Morel Le Chef\u00a0 William Morel vous invite \u00e0 vivre une exp\u00e9rience culinaire rare, o\u00f9 chaque cr\u00e9ation, \u00e9l\u00e9gante et raffin\u00e9e, c\u00e9l\u00e8bre les plus beaux produits. Entre tradition et haute gastronomie, il signe des instants d\u2019exception pens\u00e9s pour \u00e9veiller tous les sens. Laissez-vous guider par une vision culinaire o\u00f9 chaque d\u00e9tail compte, chaque assiette raconte une histoire, et chaque moment devient inoubliable.\u00a0 Prestation romantique Quelque chose \u00e0 f\u00eater en amoureux, ou seulement envie de se retrouver autour d&rsquo;un repas intimiste rien que pour vous ? PReSTATION FESTIVE Un anniversaire, un EVJF\/EVJG, un \u00e9v\u00e8nement \u00e0 c\u00e9l\u00e9brer?\u00a0 PReSTATION D&rsquo;ENTREPRISE Un s\u00e9minaire, un team building, un d\u00e9part en retraite, notre \u00e9quipe s&rsquo;occupe de tout ! Bon cadeau Le bon cadeau comprend : Entr\u00e9e + Plat + Dessert Les frais de d\u00e9placements\u00a0 La d\u00e9coration de la table : romantique ou classique\u00a0 Le bon cadeau est valable pour deux personnes. Prix : 200\u20ac A PROPOS DU&hellip;<\/p>\n<p> <a class=\"more-link\" href=\"https:\/\/anais-martineau.mds-angers.yt\/index.php\/page-2\/\">Lire la suite<\/a><\/p>\n","protected":false},"author":2,"featured_media":0,"parent":0,"menu_order":0,"comment_status":"closed","ping_status":"closed","template":"elementor_canvas","meta":{"footnotes":""},"class_list":["post-23","page","type-page","status-publish"],"_links":{"self":[{"href":"https:\/\/anais-martineau.mds-angers.yt\/index.php\/wp-json\/wp\/v2\/pages\/23","targetHints":{"allow":["GET"]}}],"collection":[{"href":"https:\/\/anais-martineau.mds-angers.yt\/index.php\/wp-json\/wp\/v2\/pages"}],"about":[{"href":"https:\/\/anais-martineau.mds-angers.yt\/index.php\/wp-json\/wp\/v2\/types\/page"}],"author":[{"embeddable":true,"href":"https:\/\/anais-martineau.mds-angers.yt\/index.php\/wp-json\/wp\/v2\/users\/2"}],"replies":[{"embeddable":true,"href":"https:\/\/anais-martineau.mds-angers.yt\/index.php\/wp-json\/wp\/v2\/comments?post=23"}],"version-history":[{"count":107,"href":"https:\/\/anais-martineau.mds-angers.yt\/index.php\/wp-json\/wp\/v2\/pages\/23\/revisions"}],"predecessor-version":[{"id":645,"href":"https:\/\/anais-martineau.mds-angers.yt\/index.php\/wp-json\/wp\/v2\/pages\/23\/revisions\/645"}],"wp:attachment":[{"href":"https:\/\/anais-martineau.mds-angers.yt\/index.php\/wp-json\/wp\/v2\/media?parent=23"}],"curies":[{"name":"wp","href":"https:\/\/api.w.org\/{rel}","templated":true}]}}