{"id":19,"date":"2025-10-03T14:45:59","date_gmt":"2025-10-03T14:45:59","guid":{"rendered":"https:\/\/anais-martineau.mds-angers.yt\/?page_id=19"},"modified":"2025-10-15T13:56:08","modified_gmt":"2025-10-15T13:56:08","slug":"elementor-19","status":"publish","type":"page","link":"https:\/\/anais-martineau.mds-angers.yt\/index.php\/elementor-19\/","title":{"rendered":"Elementor #19"},"content":{"rendered":"\t\t<div data-elementor-type=\"wp-post\" data-elementor-id=\"19\" class=\"elementor elementor-19\">\n\t\t\t\t<div class=\"elementor-element elementor-element-b26fa21 e-con-full e-flex wpr-particle-no wpr-jarallax-no wpr-parallax-no wpr-sticky-section-no wpr-equal-height-no e-con e-parent\" data-id=\"b26fa21\" data-element_type=\"container\" data-e-type=\"container\" data-settings=\"{&quot;background_background&quot;:&quot;classic&quot;}\">\n\t\t\t\t<div class=\"elementor-element elementor-element-6a32cd4 elementor-widget elementor-widget-heading\" data-id=\"6a32cd4\" data-element_type=\"widget\" data-e-type=\"widget\" data-widget_type=\"heading.default\">\n\t\t\t\t\t<h2 class=\"elementor-heading-title elementor-size-default\">william morel<\/h2>\t\t\t\t<\/div>\n\t\t\t\t<div class=\"elementor-element elementor-element-46c3f2d elementor-widget__width-initial elementor-widget elementor-widget-text-editor\" data-id=\"46c3f2d\" data-element_type=\"widget\" data-e-type=\"widget\" data-widget_type=\"text-editor.default\">\n\t\t\t\t\t\t\t\t\t<p>Le chef vous invite \u00e0 vivre une exp\u00e9rience culinaire rare, ou chaque cr\u00e9ation, \u00e9l\u00e9gante et raffin\u00e9e, c\u00e9l\u00e8bre les plus beaux produits. Entre tradition et haute gastronomie, il signe des instants d&rsquo;exceptions pens\u00e9s pour \u00e9veiller tous les sens.<\/p><p>Laissez vous guider par une vision culinaire ou chaque d\u00e9tail compte, chaque assiette raconte une histoire, et chaque moment devient inoubliable.<\/p>\t\t\t\t\t\t\t\t<\/div>\n\t\t<div class=\"elementor-element elementor-element-b98da91 e-grid e-con-boxed wpr-particle-no wpr-jarallax-no wpr-parallax-no wpr-sticky-section-no wpr-equal-height-no e-con e-child\" data-id=\"b98da91\" data-element_type=\"container\" data-e-type=\"container\">\n\t\t\t\t\t<div class=\"e-con-inner\">\n\t\t\t\t<div class=\"elementor-element elementor-element-af2a9b3 elementor-widget elementor-widget-image\" data-id=\"af2a9b3\" data-element_type=\"widget\" data-e-type=\"widget\" data-widget_type=\"image.default\">\n\t\t\t\t\t\t\t\t\t\t\t\t\t\t\t<img fetchpriority=\"high\" decoding=\"async\" width=\"532\" height=\"500\" src=\"https:\/\/anais-martineau.mds-angers.yt\/wp-content\/uploads\/2025\/10\/Capture-decran-2025-10-10-095935.png\" class=\"attachment-large size-large wp-image-76\" alt=\"\" srcset=\"https:\/\/anais-martineau.mds-angers.yt\/wp-content\/uploads\/2025\/10\/Capture-decran-2025-10-10-095935.png 532w, https:\/\/anais-martineau.mds-angers.yt\/wp-content\/uploads\/2025\/10\/Capture-decran-2025-10-10-095935-300x282.png 300w\" sizes=\"(max-width: 532px) 100vw, 532px\" \/>\t\t\t\t\t\t\t\t\t\t\t\t\t\t\t<\/div>\n\t\t\t\t<div class=\"elementor-element elementor-element-85da4f5 elementor-widget elementor-widget-image\" data-id=\"85da4f5\" data-element_type=\"widget\" data-e-type=\"widget\" data-widget_type=\"image.default\">\n\t\t\t\t\t\t\t\t\t\t\t\t\t\t\t<img decoding=\"async\" width=\"621\" height=\"517\" src=\"https:\/\/anais-martineau.mds-angers.yt\/wp-content\/uploads\/2025\/10\/Capture-decran-2025-10-10-095840.png\" class=\"attachment-large size-large wp-image-75\" alt=\"\" srcset=\"https:\/\/anais-martineau.mds-angers.yt\/wp-content\/uploads\/2025\/10\/Capture-decran-2025-10-10-095840.png 621w, https:\/\/anais-martineau.mds-angers.yt\/wp-content\/uploads\/2025\/10\/Capture-decran-2025-10-10-095840-300x250.png 300w\" sizes=\"(max-width: 621px) 100vw, 621px\" \/>\t\t\t\t\t\t\t\t\t\t\t\t\t\t\t<\/div>\n\t\t\t\t<div class=\"elementor-element elementor-element-d4a3f55 elementor-widget elementor-widget-image\" data-id=\"d4a3f55\" data-element_type=\"widget\" data-e-type=\"widget\" data-widget_type=\"image.default\">\n\t\t\t\t\t\t\t\t\t\t\t\t\t\t\t<img decoding=\"async\" width=\"484\" height=\"499\" src=\"https:\/\/anais-martineau.mds-angers.yt\/wp-content\/uploads\/2025\/10\/Capture-decran-2025-10-10-100035.png\" class=\"attachment-large size-large wp-image-77\" alt=\"\" srcset=\"https:\/\/anais-martineau.mds-angers.yt\/wp-content\/uploads\/2025\/10\/Capture-decran-2025-10-10-100035.png 484w, https:\/\/anais-martineau.mds-angers.yt\/wp-content\/uploads\/2025\/10\/Capture-decran-2025-10-10-100035-291x300.png 291w\" sizes=\"(max-width: 484px) 100vw, 484px\" \/>\t\t\t\t\t\t\t\t\t\t\t\t\t\t\t<\/div>\n\t\t\t\t\t<\/div>\n\t\t\t\t<\/div>\n\t\t\t\t<\/div>\n\t\t\t\t<\/div>\n\t\t","protected":false},"excerpt":{"rendered":"<p>william morel Le chef vous invite \u00e0 vivre une exp\u00e9rience culinaire rare, ou chaque cr\u00e9ation, \u00e9l\u00e9gante et raffin\u00e9e, c\u00e9l\u00e8bre les plus beaux produits. Entre tradition et haute gastronomie, il signe des instants d&rsquo;exceptions pens\u00e9s pour \u00e9veiller tous les sens. Laissez vous guider par une vision culinaire ou chaque d\u00e9tail compte, chaque assiette raconte une histoire, et chaque moment devient inoubliable.<\/p>\n","protected":false},"author":1,"featured_media":0,"parent":0,"menu_order":0,"comment_status":"closed","ping_status":"closed","template":"elementor_canvas","meta":{"footnotes":""},"class_list":["post-19","page","type-page","status-publish"],"_links":{"self":[{"href":"https:\/\/anais-martineau.mds-angers.yt\/index.php\/wp-json\/wp\/v2\/pages\/19","targetHints":{"allow":["GET"]}}],"collection":[{"href":"https:\/\/anais-martineau.mds-angers.yt\/index.php\/wp-json\/wp\/v2\/pages"}],"about":[{"href":"https:\/\/anais-martineau.mds-angers.yt\/index.php\/wp-json\/wp\/v2\/types\/page"}],"author":[{"embeddable":true,"href":"https:\/\/anais-martineau.mds-angers.yt\/index.php\/wp-json\/wp\/v2\/users\/1"}],"replies":[{"embeddable":true,"href":"https:\/\/anais-martineau.mds-angers.yt\/index.php\/wp-json\/wp\/v2\/comments?post=19"}],"version-history":[{"count":34,"href":"https:\/\/anais-martineau.mds-angers.yt\/index.php\/wp-json\/wp\/v2\/pages\/19\/revisions"}],"predecessor-version":[{"id":479,"href":"https:\/\/anais-martineau.mds-angers.yt\/index.php\/wp-json\/wp\/v2\/pages\/19\/revisions\/479"}],"wp:attachment":[{"href":"https:\/\/anais-martineau.mds-angers.yt\/index.php\/wp-json\/wp\/v2\/media?parent=19"}],"curies":[{"name":"wp","href":"https:\/\/api.w.org\/{rel}","templated":true}]}}